{"id":368,"date":"2022-02-24T13:01:31","date_gmt":"2022-02-24T13:01:31","guid":{"rendered":"https:\/\/help.kybernaut.cz\/i-need-help\/"},"modified":"2022-02-24T13:01:31","modified_gmt":"2022-02-24T13:01:31","slug":"i-need-help","status":"publish","type":"page","link":"https:\/\/help.kybernaut.cz\/en\/i-need-help\/","title":{"rendered":"I need help"},"content":{"rendered":"\n<div class=\"wp-block-columns is-layout-flex wp-container-core-columns-is-layout-9d6595d7 wp-block-columns-is-layout-flex\">\n<div class=\"wp-block-column widget is-layout-flow wp-block-column-is-layout-flow\" style=\"flex-basis:66.66%\">\n<h2 class=\"wp-block-heading\" id=\"htoc-pr-miov-plugin\">Premium plugin<\/h2>\n\n\n<div class='fluentform ff-default fluentform_wrapper_3 ffs_default_wrap'><form data-form_id=\"3\" id=\"fluentform_3\" class=\"frm-fluent-form fluent_form_3 ff-el-form-top ff_form_instance_3_1 ff-form-loading ffs_default\" data-form_instance=\"ff_form_instance_3_1\" method=\"POST\" ><fieldset  style=\"border: none!important;margin: 0!important;padding: 0!important;background-color: transparent!important;box-shadow: none!important;outline: none!important; min-inline-size: 100%;\">\n                    <legend class=\"ff_screen_reader_title\" style=\"display: block; margin: 0!important;padding: 0!important;height: 0!important;text-indent: -999999px;width: 0!important;overflow:hidden;\">Support<\/legend>        <div\n                style=\"display: none!important; position: absolute!important; transform: translateX(1000%)!important;\"\n                class=\"ff-el-group ff-hpsf-container\"\n        >\n            <div class=\"ff-el-input--label asterisk-right\">\n                <label for=\"ff_3_item_sf\" aria-label=\"Notify\">\n                    Notify                <\/label>\n            <\/div>\n            <div class=\"ff-el-input--content\">\n                <input type=\"text\"\n                       name=\"item_3__fluent_sf\"\n                       class=\"ff-el-form-control\"\n                       id=\"ff_3_item_sf\"\n                \/>\n            <\/div>\n        <\/div>\n        <input type='hidden' name='__fluent_form_embded_post_id' value='368' \/><input type=\"hidden\" id=\"_fluentform_3_fluentformnonce\" name=\"_fluentform_3_fluentformnonce\" value=\"a3443520f1\" \/><input type=\"hidden\" name=\"_wp_http_referer\" value=\"\/en\/wp-json\/wp\/v2\/pages\/368\" \/><div class='ff-el-group'><div class=\"ff-el-input--label ff-el-is-required asterisk-right\"><label for='ff_3_email' id='label_ff_3_email' aria-label=\"E-mail\">E-mail<\/label><\/div><div class='ff-el-input--content'><input type=\"email\" name=\"email\" id=\"ff_3_email\" class=\"ff-el-form-control\" data-name=\"email\"  aria-invalid=\"false\" aria-required=true><\/div><\/div><div class='ff-el-group'><div class=\"ff-el-input--label asterisk-right\"><label for='ff_3_phone' id='label_ff_3_phone' aria-label=\"Telefon\">Telefon<\/label><\/div><div class='ff-el-input--content'><input name=\"phone\" class=\"ff-el-form-control ff-el-phone ff_el_with_extended_validation\" type=\"tel\" data-name=\"phone\" id=\"ff_3_phone\" inputmode=\"tel\"  aria-invalid='false' aria-required=false><\/div><\/div><div class='ff-el-group'><div class=\"ff-el-input--label ff-el-is-required asterisk-right\"><label for='ff_3_dropdown' id='label_ff_3_dropdown' aria-label=\"Plugin\">Plugin<\/label><\/div><div class='ff-el-input--content'><select name=\"dropdown\" id=\"ff_3_dropdown\" class=\"ff-el-form-control\" data-name=\"dropdown\" data-calc_value=\"0\"  aria-invalid=\"false\" aria-required=\"true\" aria-labelledby=\"label_ff_3_dropdown\"><option value=\"\">Vyberte plugin<\/option><option value=\"Kybernaut Mailstep\"  >Kybernaut Mailstep<\/option><option value=\"Kybernaut Messenger\"  >Kybernaut Messenger<\/option><\/select><\/div><\/div><div class='ff-el-group'><div class=\"ff-el-input--label ff-el-is-required asterisk-right\"><label for='ff_3_input_text' id='label_ff_3_input_text' aria-label=\"Verze pluginu\">Verze pluginu<\/label><\/div><div class='ff-el-input--content'><input type=\"text\" name=\"input_text\" class=\"ff-el-form-control\" data-name=\"input_text\" id=\"ff_3_input_text\"  aria-invalid=\"false\" aria-required=true><\/div><\/div><div class='ff-el-group  ff-custom_html' tabindex='-1' data-name=\"custom_html-3_1\" ><p class=\"has-small-font-size\" style=\"margin-bottom: 0;margin-top:-1rem\">Ujist\u011bte se, \u017ee m\u00e1te aktualizov\u00e1no na posledn\u00ed verzi pluginu i WooCommerce.<\/p><\/div><div class='ff-el-group'><div class=\"ff-el-input--label ff-el-is-required asterisk-right\"><label for='ff_3_verze_wp' id='label_ff_3_verze_wp' aria-label=\"Verze WordPressu\">Verze WordPressu<\/label><\/div><div class='ff-el-input--content'><input type=\"text\" name=\"verze_wp\" class=\"ff-el-form-control\" data-name=\"verze_wp\" id=\"ff_3_verze_wp\"  aria-invalid=\"false\" aria-required=true><\/div><\/div><div class='ff-el-group  ff-custom_html' tabindex='-1' data-name=\"custom_html-3_2\" ><p class=\"has-small-font-size\" style=\"margin-bottom: 0;margin-top:-1rem\">Ujist\u011bte se, \u017ee m\u00e1te aktualizov\u00e1no na posledn\u00ed verzi WordPressu.<\/p><\/div><div class='ff-el-group'><div class=\"ff-el-input--label ff-el-is-required asterisk-right\"><label for='ff_3_licence' id='label_ff_3_licence' aria-label=\"\u010c\u00edslo licence\">\u010c\u00edslo licence<\/label><\/div><div class='ff-el-input--content'><input type=\"text\" name=\"licence\" class=\"ff-el-form-control\" data-name=\"licence\" id=\"ff_3_licence\"  aria-invalid=\"false\" aria-required=true><\/div><\/div><div class='ff-el-group'><div class=\"ff-el-input--label ff-el-is-required asterisk-right\"><label for='ff_3_popis' id='label_ff_3_popis' aria-label=\"Popis chyby nebo v\u00fdstup z debug logu\">Popis chyby nebo v\u00fdstup z debug logu<\/label><\/div><div class='ff-el-input--content'><textarea aria-required=\"true\" aria-labelledby=\"label_ff_3_popis\" name=\"popis\" id=\"ff_3_popis\" class=\"ff-el-form-control\" rows=\"3\" cols=\"2\" data-name=\"popis\" ><\/textarea><\/div><\/div><div class='ff-el-group ff-text-left ff_submit_btn_wrapper'><button type=\"submit\" class=\"ff-btn ff-btn-submit ff-btn-md ff_btn_style\"  aria-label=\"Po\u017e\u00e1dat o pomoc\">Po\u017e\u00e1dat o pomoc<\/button><\/div><\/fieldset><\/form><div id='fluentform_3_errors' class='ff-errors-in-stack ff_form_instance_3_1 ff-form-loading_errors ff_form_instance_3_1_errors'><\/div><\/div>            <script type=\"text\/javascript\">\n                window.fluent_form_ff_form_instance_3_1 = {\"id\":\"3\",\"ajaxUrl\":\"https:\\\/\\\/help.kybernaut.cz\\\/wp-admin\\\/admin-ajax.php\",\"settings\":{\"layout\":{\"labelPlacement\":\"top\",\"helpMessagePlacement\":\"with_label\",\"errorMessagePlacement\":\"inline\",\"asteriskPlacement\":\"asterisk-right\"},\"restrictions\":{\"denyEmptySubmission\":{\"enabled\":false}}},\"form_instance\":\"ff_form_instance_3_1\",\"form_id_selector\":\"fluentform_3\",\"rules\":{\"email\":{\"required\":{\"value\":true,\"message\":\"E-mail je povinn\\u00fd\"},\"email\":{\"value\":true,\"message\":\"This field must contain a valid email\"}},\"phone\":{\"required\":{\"value\":false,\"message\":\"This field is required\"},\"valid_phone_number\":{\"value\":true,\"message\":\"Phone number is not valid\"}},\"dropdown\":{\"required\":{\"value\":true,\"message\":\"Plugin je povinn\\u00fd\"}},\"input_text\":{\"required\":{\"value\":true,\"message\":\"Verze pluginu je povinn\\u00e1\"}},\"verze_wp\":{\"required\":{\"value\":true,\"message\":\"Verze WordPressu je povinn\\u00e1\"}},\"licence\":{\"required\":{\"value\":true,\"message\":\"Bez \\u010d\\u00edsla licence neposkytuji podporu k placen\\u00e9mu pluginu.\"}},\"popis\":{\"required\":{\"value\":true,\"message\":\"Bez popisu to nejde.\"}}},\"debounce_time\":300};\n                            <\/script>\n            \n<\/div>\n\n\n\n<div class=\"wp-block-column widget has-white-background-color has-background is-layout-flow wp-block-column-is-layout-flow\" style=\"flex-basis:33.33%\">\n<h2 class=\"wp-block-heading\" id=\"htoc-plugin-zdarma\">Free plugin<\/h2>\n\n\n\n<p>I provide support for free plugins through the support forum. You can find this in the details of each plugin in the WordPress repository: <a rel=\"noreferrer noopener\" href=\"https:\/\/wordpress.org\/support\/plugin\/woolab-ic-dic\/\" target=\"_blank\">Kybernaut ID number<\/a> , <a rel=\"noreferrer noopener\" href=\"https:\/\/wordpress.org\/support\/plugin\/woocommerce-pay-for-payment\/\" target=\"_blank\">Pay for Payment for WooCommerce<\/a> , <a rel=\"noreferrer noopener\" href=\"https:\/\/wordpress.org\/support\/plugin\/add-anchor-links\/\" target=\"_blank\">Add Anchor Links<\/a> and <a rel=\"noreferrer noopener\" href=\"https:\/\/wordpress.org\/support\/plugin\/simple-admin-language-change\/\" target=\"_blank\">Simple Admin Language Change<\/a> .<\/p>\n\n\n\n<p>I try to answer questions at least once a week, but it&#8217;s still a free plugin that I manage in my spare time. <\/p>\n\n\n\n<p><strong>If you are interested in paid plugin modifications<\/strong> or similar settings, you can <a rel=\"noreferrer noopener\" href=\"https:\/\/kybernaut.cz\/kontakt\" target=\"_blank\">contact me directly<\/a> .<\/p>\n<\/div>\n<\/div>\n\n<p><\/p>\n","protected":false},"excerpt":{"rendered":"<p>Premium plugin Free plugin I provide support for free plugins through the support forum. You can find this in the details of each plugin in the WordPress repository: Kybernaut ID number , Pay for Payment for WooCommerce , Add Anchor Links and Simple Admin Language Change . I try to&#8230;<\/p>\n","protected":false},"author":1,"featured_media":0,"parent":0,"menu_order":0,"comment_status":"closed","ping_status":"closed","template":"","meta":{"footnotes":""},"class_list":["post-368","page","type-page","status-publish","hentry"],"_links":{"self":[{"href":"https:\/\/help.kybernaut.cz\/en\/wp-json\/wp\/v2\/pages\/368","targetHints":{"allow":["GET"]}}],"collection":[{"href":"https:\/\/help.kybernaut.cz\/en\/wp-json\/wp\/v2\/pages"}],"about":[{"href":"https:\/\/help.kybernaut.cz\/en\/wp-json\/wp\/v2\/types\/page"}],"author":[{"embeddable":true,"href":"https:\/\/help.kybernaut.cz\/en\/wp-json\/wp\/v2\/users\/1"}],"replies":[{"embeddable":true,"href":"https:\/\/help.kybernaut.cz\/en\/wp-json\/wp\/v2\/comments?post=368"}],"version-history":[{"count":1,"href":"https:\/\/help.kybernaut.cz\/en\/wp-json\/wp\/v2\/pages\/368\/revisions"}],"predecessor-version":[{"id":369,"href":"https:\/\/help.kybernaut.cz\/en\/wp-json\/wp\/v2\/pages\/368\/revisions\/369"}],"wp:attachment":[{"href":"https:\/\/help.kybernaut.cz\/en\/wp-json\/wp\/v2\/media?parent=368"}],"curies":[{"name":"wp","href":"https:\/\/api.w.org\/{rel}","templated":true}]}}